{"id":131,"date":"2022-05-19T09:42:50","date_gmt":"2022-05-19T09:42:50","guid":{"rendered":"https:\/\/unaeropuertomejor.com\/?page_id=131"},"modified":"2022-06-14T07:41:56","modified_gmt":"2022-06-14T07:41:56","slug":"4-clima","status":"publish","type":"page","link":"https:\/\/unaeropuertomejor.com\/?page_id=131","title":{"rendered":"4.CLIMA"},"content":{"rendered":"<p>[vc_row css_animation=\u00bbelement_from_bottom\u00bb row_type=\u00bbrow\u00bb use_row_as_full_screen_section=\u00bbno\u00bb type=\u00bbgrid\u00bb angled_section=\u00bbno\u00bb text_align=\u00bbleft\u00bb background_image_as_pattern=\u00bbwithout_pattern\u00bb z_index=\u00bb\u00bb el_class=\u00bbtitulo_decalogo rojo_44&#8243;][vc_column][qode_elements_holder number_of_columns=\u00bbone_column\u00bb][qode_elements_holder_item vertical_alignment=\u00bbmiddle\u00bb horizontal_alignment=\u00bbcenter\u00bb advanced_animations=\u00bbno\u00bb][vc_column_text]<\/p>\n<h1 style=\"text-align: left;\">4.La emergencia clim\u00e1tica es el problema m\u00e1s grave y no lo queremos aceptar<\/h1>\n<p>[\/vc_column_text][vc_separator type=\u00bbnormal\u00bb][\/qode_elements_holder_item][\/qode_elements_holder][\/vc_column][\/vc_row][vc_row css_animation=\u00bb\u00bb row_type=\u00bbrow\u00bb use_row_as_full_screen_section=\u00bbno\u00bb type=\u00bbgrid\u00bb angled_section=\u00bbno\u00bb text_align=\u00bbleft\u00bb background_image_as_pattern=\u00bbwithout_pattern\u00bb z_index=\u00bb\u00bb el_class=\u00bbcuadro_titulo\u00bb][vc_column][vc_single_image image=\u00bb60&#8243; img_size=\u00bbfull\u00bb alignment=\u00bbcenter\u00bb qode_css_animation=\u00bb\u00bb][\/vc_column][\/vc_row][vc_row css_animation=\u00bbelement_from_bottom\u00bb row_type=\u00bbrow\u00bb use_row_as_full_screen_section=\u00bbno\u00bb type=\u00bbgrid\u00bb angled_section=\u00bbno\u00bb text_align=\u00bbleft\u00bb background_image_as_pattern=\u00bbwithout_pattern\u00bb z_index=\u00bb\u00bb el_class=\u00bbimg_cabecera padines\u00bb][vc_column][vc_single_image image=\u00bb228&#8243; img_size=\u00bbfull\u00bb alignment=\u00bbright\u00bb qode_css_animation=\u00bb\u00bb][\/vc_column][\/vc_row][vc_row css_animation=\u00bbelement_from_bottom\u00bb row_type=\u00bbrow\u00bb use_row_as_full_screen_section=\u00bbno\u00bb type=\u00bbgrid\u00bb angled_section=\u00bbno\u00bb text_align=\u00bbleft\u00bb background_image_as_pattern=\u00bbwithout_pattern\u00bb el_class=\u00bbrojo_4 padines\u00bb z_index=\u00bb\u00bb][vc_column][qode_elements_holder number_of_columns=\u00bbone_column\u00bb][qode_elements_holder_item vertical_alignment=\u00bbmiddle\u00bb horizontal_alignment=\u00bbleft\u00bb advanced_animations=\u00bbno\u00bb custom_class=\u00bbtitulo_central_peque\u00f1o\u00bb][vc_column_text]<\/p>\n<h3>NO AL NEGACIONISMO DE LA EMERGENCIA CLIM\u00c1TICA<\/h3>\n<p>[\/vc_column_text][vc_column_text]<\/p>\n<h2>S\u00ed a cumplir los compromisos medioambientales<\/h2>\n<p>[\/vc_column_text][vc_separator type=\u00bbnormal\u00bb][vc_column_text]Los tribunales europeos est\u00e1n paralizando ampliaciones de aeropuertos que no cumplen con el medioambiente, no se ha presentado el nuevo plan directo necesario para una ampliaci\u00f3n ni su obligada declaraci\u00f3n de impacto medioambiental.[\/vc_column_text][\/qode_elements_holder_item][\/qode_elements_holder][\/vc_column][\/vc_row][vc_row css_animation=\u00bbelement_from_bottom\u00bb row_type=\u00bbrow\u00bb use_row_as_full_screen_section=\u00bbno\u00bb type=\u00bbgrid\u00bb angled_section=\u00bbno\u00bb text_align=\u00bbleft\u00bb background_image_as_pattern=\u00bbwithout_pattern\u00bb el_class=\u00bbrojo_4 padines\u00bb z_index=\u00bb\u00bb][vc_column][qode_elements_holder number_of_columns=\u00bbtwo_columns\u00bb][qode_elements_holder_item advanced_animations=\u00bbno\u00bb custom_class=\u00bbfototxt2_izq\u00bb][vc_column_text]La Uni\u00f3n Europea ha abierto expediente sancionador y exige el cumplimiento de los acuerdos en la anterior ampliaci\u00f3n.<\/p>\n<p>&nbsp;<\/p>\n<p>La corte suprema alemana limita las operaciones nocturnas y Heathrow tiene el l\u00edmite de 480.000 operaciones al a\u00f1o.[\/vc_column_text][\/qode_elements_holder_item][qode_elements_holder_item advanced_animations=\u00bbno\u00bb][vc_single_image image=\u00bb218&#8243; img_size=\u00bbfull\u00bb alignment=\u00bbright\u00bb qode_css_animation=\u00bb\u00bb][\/qode_elements_holder_item][\/qode_elements_holder][\/vc_column][\/vc_row][vc_row css_animation=\u00bbelement_from_bottom\u00bb row_type=\u00bbrow\u00bb use_row_as_full_screen_section=\u00bbno\u00bb type=\u00bbgrid\u00bb angled_section=\u00bbyes\u00bb angled_section_position=\u00bbboth\u00bb angled_section_direction=\u00bbfrom_right_to_left\u00bb text_align=\u00bbleft\u00bb background_image_as_pattern=\u00bbwithout_pattern\u00bb z_index=\u00bb\u00bb background_color=\u00bb#f1faf5&#8243; el_class=\u00bbrojo_4 padines2&#8243;][vc_column][qode_elements_holder number_of_columns=\u00bbone_column\u00bb][qode_elements_holder_item vertical_alignment=\u00bbmiddle\u00bb horizontal_alignment=\u00bbleft\u00bb advanced_animations=\u00bbno\u00bb custom_class=\u00bbtitulo_central_peque\u00f1o\u00bb][vc_column_text]<\/p>\n<h3>NO A M\u00c1S DESTROZOS CON CEMENTO IMPRODUCTIVO<\/h3>\n<p>[\/vc_column_text][vc_column_text]<\/p>\n<h2>S\u00ed a respetar la naturaleza del Delta del Llobregat y la agricultura del Prat<\/h2>\n<p>[\/vc_column_text][vc_separator type=\u00bbnormal\u00bb][vc_column_text]El Delta del Llobregat ya ha sufrido suficientes distorsiones como para que no sea de nuevo agredido.<\/p>\n<p><strong>Lo que s\u00ed se debe ejecutar son los compromisos incumplidos de la \u00faltima ampliaci\u00f3n del aeropuerto.<\/strong>[\/vc_column_text][\/qode_elements_holder_item][\/qode_elements_holder][\/vc_column][\/vc_row][vc_row css_animation=\u00bbelement_from_bottom\u00bb row_type=\u00bbrow\u00bb use_row_as_full_screen_section=\u00bbno\u00bb type=\u00bbgrid\u00bb angled_section=\u00bbno\u00bb text_align=\u00bbleft\u00bb background_image_as_pattern=\u00bbwithout_pattern\u00bb el_class=\u00bbrojo_4 padines\u00bb z_index=\u00bb\u00bb][vc_column][qode_elements_holder number_of_columns=\u00bbtwo_columns\u00bb][qode_elements_holder_item advanced_animations=\u00bbno\u00bb][vc_single_image image=\u00bb158&#8243; img_size=\u00bbfull\u00bb alignment=\u00bbright\u00bb qode_css_animation=\u00bb\u00bb][\/qode_elements_holder_item][qode_elements_holder_item advanced_animations=\u00bbno\u00bb custom_class=\u00bbfototxt2_der\u00bb][vc_column_text]El parque agrario del Baix Llobregat es una de las joyas de Barcelona que la pandemia y la globalizaci\u00f3n han puesto de nuevo en valor.<\/p>\n<p>&nbsp;<\/p>\n<p>No solo es vital para nuestra correcta alimentaci\u00f3n sino imprescindible para nuestra econom\u00eda, al tratarse de unos recursos alimentarios escasos y de proximidad.[\/vc_column_text][\/qode_elements_holder_item][\/qode_elements_holder][\/vc_column][\/vc_row][vc_row css_animation=\u00bbelement_from_bottom\u00bb row_type=\u00bbrow\u00bb use_row_as_full_screen_section=\u00bbno\u00bb type=\u00bbgrid\u00bb angled_section=\u00bbno\u00bb text_align=\u00bbleft\u00bb background_image_as_pattern=\u00bbwithout_pattern\u00bb el_class=\u00bbrojo_4 padines\u00bb z_index=\u00bb\u00bb][vc_column][qode_elements_holder number_of_columns=\u00bbtwo_columns\u00bb][qode_elements_holder_item advanced_animations=\u00bbno\u00bb custom_class=\u00bbfototxt2_izq\u00bb][vc_column_text]No podemos permitir que este espacio se utilice como monedad de cambio para casinos o hect\u00e1reas de cemento para la extensi\u00f3n o para compensaciones del aeropuerto .<\/p>\n<p>&nbsp;<\/p>\n<p>En especial cuando el aeropuerto ya dispone de terrenos suficientes.[\/vc_column_text][\/qode_elements_holder_item][qode_elements_holder_item advanced_animations=\u00bbno\u00bb][vc_single_image image=\u00bb159&#8243; img_size=\u00bbfull\u00bb alignment=\u00bbright\u00bb qode_css_animation=\u00bb\u00bb][\/qode_elements_holder_item][\/qode_elements_holder][\/vc_column][\/vc_row][vc_row css_animation=\u00bbelement_from_bottom\u00bb row_type=\u00bbrow\u00bb use_row_as_full_screen_section=\u00bbno\u00bb type=\u00bbfull_width\u00bb angled_section=\u00bbno\u00bb text_align=\u00bbleft\u00bb background_image_as_pattern=\u00bbwithout_pattern\u00bb z_index=\u00bb\u00bb el_class=\u00bbrojo_4 padines clima_destacado\u00bb][vc_column][qode_elements_holder number_of_columns=\u00bbthree_columns\u00bb][qode_elements_holder_item vertical_alignment=\u00bbmiddle\u00bb horizontal_alignment=\u00bbcenter\u00bb advanced_animations=\u00bbno\u00bb custom_class=\u00bbfototxt_izq\u00bb][vc_separator type=\u00bbnormal\u00bb][\/qode_elements_holder_item][qode_elements_holder_item vertical_alignment=\u00bbmiddle\u00bb horizontal_alignment=\u00bbleft\u00bb advanced_animations=\u00bbno\u00bb custom_class=\u00bbtitulo_central_peque\u00f1o_full\u00bb][vc_column_text]<\/p>\n<h4 style=\"text-align: center;\">El plan inmobiliario del aeropuerto del Prat pretende construir 1.532.733 m2 en 2.620.000 m2 de parcelas<\/h4>\n<p>[\/vc_column_text][\/qode_elements_holder_item][qode_elements_holder_item vertical_alignment=\u00bbmiddle\u00bb horizontal_alignment=\u00bbcenter\u00bb advanced_animations=\u00bbno\u00bb custom_class=\u00bbfototxt_der\u00bb][vc_separator type=\u00bbnormal\u00bb][\/qode_elements_holder_item][\/qode_elements_holder][\/vc_column][\/vc_row][vc_row css_animation=\u00bbelement_from_bottom\u00bb row_type=\u00bbrow\u00bb use_row_as_full_screen_section=\u00bbno\u00bb type=\u00bbgrid\u00bb angled_section=\u00bbno\u00bb text_align=\u00bbleft\u00bb background_image_as_pattern=\u00bbwithout_pattern\u00bb z_index=\u00bb\u00bb el_class=\u00bbtitulo_central padines\u00bb][vc_column][qode_elements_holder number_of_columns=\u00bbone_column\u00bb][qode_elements_holder_item vertical_alignment=\u00bbmiddle\u00bb horizontal_alignment=\u00bbcenter\u00bb advanced_animations=\u00bbno\u00bb][vc_column_text]<\/p>\n<h1 style=\"text-align: center;\">Nuestro dec\u00e1logo<\/h1>\n<p>[\/vc_column_text][vc_separator type=\u00bbnormal\u00bb][\/qode_elements_holder_item][\/qode_elements_holder][\/vc_column][\/vc_row][vc_row css_animation=\u00bbelement_from_bottom\u00bb row_type=\u00bbrow\u00bb use_row_as_full_screen_section=\u00bbno\u00bb type=\u00bbgrid\u00bb angled_section=\u00bbno\u00bb text_align=\u00bbleft\u00bb background_image_as_pattern=\u00bbwithout_pattern\u00bb z_index=\u00bb\u00bb el_class=\u00bbimg_cabecera verde_1 nuestro_prologo padines\u00bb][vc_column][qode_elements_holder number_of_columns=\u00bbtwo_columns\u00bb][qode_elements_holder_item vertical_alignment=\u00bbtop\u00bb horizontal_alignment=\u00bbcenter\u00bb advanced_animations=\u00bbno\u00bb][vc_single_image image=\u00bb235&#8243; img_size=\u00bbfull\u00bb alignment=\u00bbcenter\u00bb onclick=\u00bbcustom_link\u00bb qode_css_animation=\u00bb\u00bb link=\u00bbhttps:\/\/unaeropuertomejor.com\/?page_id=124&#8243;][vc_column_text]<\/p>\n<h5 style=\"text-align: left;\"><a href=\"https:\/\/unaeropuertomejor.com\/?page_id=124\">3.Debemos utilizar nuestra red aeroportuaria con sentido com\u00fan<\/a><\/h5>\n<p>[\/vc_column_text][vc_separator type=\u00bbnormal\u00bb][\/qode_elements_holder_item][qode_elements_holder_item vertical_alignment=\u00bbtop\u00bb horizontal_alignment=\u00bbcenter\u00bb advanced_animations=\u00bbno\u00bb][vc_single_image image=\u00bb230&#8243; img_size=\u00bbfull\u00bb alignment=\u00bbcenter\u00bb onclick=\u00bbcustom_link\u00bb qode_css_animation=\u00bb\u00bb link=\u00bbhttps:\/\/unaeropuertomejor.com\/?page_id=163&#8243;][vc_column_text]<\/p>\n<h5 style=\"text-align: left;\"><a href=\"https:\/\/unaeropuertomejor.com\/?page_id=163\">5.Aena somos todos. El 51% de las acciones son del estado<\/a><\/h5>\n<p>[\/vc_column_text][vc_separator type=\u00bbnormal\u00bb][\/qode_elements_holder_item][\/qode_elements_holder][\/vc_column][\/vc_row]<\/p>\n","protected":false},"excerpt":{"rendered":"<p>[vc_row css_animation=\u00bbelement_from_bottom\u00bb row_type=\u00bbrow\u00bb use_row_as_full_screen_section=\u00bbno\u00bb type=\u00bbgrid\u00bb angled_section=\u00bbno\u00bb text_align=\u00bbleft\u00bb background_image_as_pattern=\u00bbwithout_pattern\u00bb z_index=\u00bb\u00bb el_class=\u00bbtitulo_decalogo rojo_44&#8243;][vc_column][qode_elements_holder number_of_columns=\u00bbone_column\u00bb][qode_elements_holder_item vertical_alignment=\u00bbmiddle\u00bb horizontal_alignment=\u00bbcenter\u00bb advanced_animations=\u00bbno\u00bb][vc_column_text] 4.La emergencia clim\u00e1tica es el problema m\u00e1s grave y no lo queremos aceptar [\/vc_column_text][vc_separator type=\u00bbnormal\u00bb][\/qode_elements_holder_item][\/qode_elements_holder][\/vc_column][\/vc_row][vc_row css_animation=\u00bb\u00bb row_type=\u00bbrow\u00bb use_row_as_full_screen_section=\u00bbno\u00bb type=\u00bbgrid\u00bb angled_section=\u00bbno\u00bb text_align=\u00bbleft\u00bb background_image_as_pattern=\u00bbwithout_pattern\u00bb z_index=\u00bb\u00bb el_class=\u00bbcuadro_titulo\u00bb][vc_column][vc_single_image image=\u00bb60&#8243; img_size=\u00bbfull\u00bb alignment=\u00bbcenter\u00bb qode_css_animation=\u00bb\u00bb][\/vc_column][\/vc_row][vc_row css_animation=\u00bbelement_from_bottom\u00bb row_type=\u00bbrow\u00bb&#8230;<\/p>\n","protected":false},"author":1,"featured_media":0,"parent":0,"menu_order":0,"comment_status":"closed","ping_status":"closed","template":"full_width.php","meta":{"footnotes":""},"class_list":["post-131","page","type-page","status-publish","hentry"],"_links":{"self":[{"href":"https:\/\/unaeropuertomejor.com\/index.php?rest_route=\/wp\/v2\/pages\/131","targetHints":{"allow":["GET"]}}],"collection":[{"href":"https:\/\/unaeropuertomejor.com\/index.php?rest_route=\/wp\/v2\/pages"}],"about":[{"href":"https:\/\/unaeropuertomejor.com\/index.php?rest_route=\/wp\/v2\/types\/page"}],"author":[{"embeddable":true,"href":"https:\/\/unaeropuertomejor.com\/index.php?rest_route=\/wp\/v2\/users\/1"}],"replies":[{"embeddable":true,"href":"https:\/\/unaeropuertomejor.com\/index.php?rest_route=%2Fwp%2Fv2%2Fcomments&post=131"}],"version-history":[{"count":34,"href":"https:\/\/unaeropuertomejor.com\/index.php?rest_route=\/wp\/v2\/pages\/131\/revisions"}],"predecessor-version":[{"id":322,"href":"https:\/\/unaeropuertomejor.com\/index.php?rest_route=\/wp\/v2\/pages\/131\/revisions\/322"}],"wp:attachment":[{"href":"https:\/\/unaeropuertomejor.com\/index.php?rest_route=%2Fwp%2Fv2%2Fmedia&parent=131"}],"curies":[{"name":"wp","href":"https:\/\/api.w.org\/{rel}","templated":true}]}}