{"id":59,"date":"2022-05-17T08:57:01","date_gmt":"2022-05-17T08:57:01","guid":{"rendered":"https:\/\/unaeropuertomejor.com\/?page_id=59"},"modified":"2022-06-17T10:18:05","modified_gmt":"2022-06-17T10:18:05","slug":"59-2","status":"publish","type":"page","link":"https:\/\/unaeropuertomejor.com\/?page_id=59","title":{"rendered":"1.CRECER"},"content":{"rendered":"<p>[vc_row css_animation=\u00bbelement_from_bottom\u00bb row_type=\u00bbrow\u00bb use_row_as_full_screen_section=\u00bbno\u00bb type=\u00bbgrid\u00bb angled_section=\u00bbno\u00bb text_align=\u00bbleft\u00bb background_image_as_pattern=\u00bbwithout_pattern\u00bb z_index=\u00bb\u00bb el_class=\u00bbtitulo_decalogo verde_1&#8243;][vc_column][qode_elements_holder number_of_columns=\u00bbone_column\u00bb][qode_elements_holder_item vertical_alignment=\u00bbmiddle\u00bb horizontal_alignment=\u00bbcenter\u00bb advanced_animations=\u00bbno\u00bb][vc_column_text]<\/p>\n<h1 style=\"text-align: left;\">1.No hay que crecer m\u00e1s, hay que crecer mejor<\/h1>\n<p>[\/vc_column_text][vc_separator type=\u00bbnormal\u00bb][\/qode_elements_holder_item][\/qode_elements_holder][\/vc_column][\/vc_row][vc_row css_animation=\u00bb\u00bb row_type=\u00bbrow\u00bb use_row_as_full_screen_section=\u00bbno\u00bb type=\u00bbgrid\u00bb angled_section=\u00bbno\u00bb text_align=\u00bbleft\u00bb background_image_as_pattern=\u00bbwithout_pattern\u00bb z_index=\u00bb\u00bb el_class=\u00bbcuadro_titulo\u00bb][vc_column][vc_single_image image=\u00bb60&#8243; img_size=\u00bbfull\u00bb alignment=\u00bbcenter\u00bb qode_css_animation=\u00bb\u00bb][\/vc_column][\/vc_row][vc_row css_animation=\u00bbelement_from_bottom\u00bb row_type=\u00bbrow\u00bb use_row_as_full_screen_section=\u00bbno\u00bb type=\u00bbgrid\u00bb angled_section=\u00bbno\u00bb text_align=\u00bbleft\u00bb background_image_as_pattern=\u00bbwithout_pattern\u00bb z_index=\u00bb\u00bb el_class=\u00bbimg_cabecera padines\u00bb][vc_column][vc_single_image image=\u00bb328&#8243; img_size=\u00bbfull\u00bb alignment=\u00bbright\u00bb qode_css_animation=\u00bb\u00bb][\/vc_column][\/vc_row][vc_row css_animation=\u00bbelement_from_bottom\u00bb row_type=\u00bbrow\u00bb use_row_as_full_screen_section=\u00bbno\u00bb type=\u00bbgrid\u00bb angled_section=\u00bbno\u00bb text_align=\u00bbleft\u00bb background_image_as_pattern=\u00bbwithout_pattern\u00bb el_class=\u00bbverde_1 padines\u00bb z_index=\u00bb\u00bb][vc_column][qode_elements_holder number_of_columns=\u00bbone_column\u00bb][qode_elements_holder_item vertical_alignment=\u00bbmiddle\u00bb horizontal_alignment=\u00bbleft\u00bb advanced_animations=\u00bbno\u00bb custom_class=\u00bbtitulo_central_peque\u00f1o\u00bb][vc_column_text]<\/p>\n<h3>NO A UN AEROPUERTO MASIFICADO<\/h3>\n<p>[\/vc_column_text][vc_column_text]<\/p>\n<h2>S\u00ed a un aeropuerto mejor<\/h2>\n<p>[\/vc_column_text][vc_separator type=\u00bbnormal\u00bb][vc_column_text]Aumentar de los 52 millones actuales de pasajeros a 80 millones supone traer m\u00e1s turismo barato, saturar las infraestructuras y los servicios, ocasionando m\u00e1s costes que beneficios.[\/vc_column_text][\/qode_elements_holder_item][\/qode_elements_holder][\/vc_column][\/vc_row][vc_row css_animation=\u00bbelement_from_bottom\u00bb row_type=\u00bbrow\u00bb use_row_as_full_screen_section=\u00bbno\u00bb type=\u00bbgrid\u00bb angled_section=\u00bbno\u00bb text_align=\u00bbleft\u00bb background_image_as_pattern=\u00bbwithout_pattern\u00bb el_class=\u00bbverde_1 padines\u00bb z_index=\u00bb\u00bb][vc_column][qode_elements_holder number_of_columns=\u00bbtwo_columns\u00bb][qode_elements_holder_item advanced_animations=\u00bbno\u00bb custom_class=\u00bbfototxt2_izq\u00bb][vc_column_text]Se debe ofrecer a los pasajeros mejor calidad de los servicios en facturaci\u00f3n, filtros de seguridad, control de polic\u00eda, limpieza, atenci\u00f3n al cliente, m\u00e1s espacio y comodidad en los embarques, en la movilidad, etc.<\/p>\n<p>&nbsp;<\/p>\n<p>Sea gracias a la construcci\u00f3n de la terminal sat\u00e9lite o a la mejora de la T2, actualmente infrautilizada.[\/vc_column_text][\/qode_elements_holder_item][qode_elements_holder_item advanced_animations=\u00bbno\u00bb][vc_single_image image=\u00bb68&#8243; img_size=\u00bbfull\u00bb alignment=\u00bbright\u00bb qode_css_animation=\u00bb\u00bb][\/qode_elements_holder_item][\/qode_elements_holder][\/vc_column][\/vc_row][vc_row css_animation=\u00bbelement_from_bottom\u00bb row_type=\u00bbrow\u00bb use_row_as_full_screen_section=\u00bbno\u00bb type=\u00bbgrid\u00bb angled_section=\u00bbyes\u00bb angled_section_position=\u00bbboth\u00bb angled_section_direction=\u00bbfrom_right_to_left\u00bb text_align=\u00bbleft\u00bb background_image_as_pattern=\u00bbwithout_pattern\u00bb z_index=\u00bb\u00bb background_color=\u00bb#f1faf5&#8243; el_class=\u00bbverde_1 padines3&#8243;][vc_column][qode_elements_holder number_of_columns=\u00bbone_column\u00bb][qode_elements_holder_item vertical_alignment=\u00bbmiddle\u00bb horizontal_alignment=\u00bbleft\u00bb advanced_animations=\u00bbno\u00bb custom_class=\u00bbtitulo_central_peque\u00f1o\u00bb][vc_column_text]<\/p>\n<h3>NO A UN AEROPUERTO DE M\u00c1S LOW COST<\/h3>\n<p>[\/vc_column_text][vc_column_text]<\/p>\n<h2>S\u00ed a un aeropuerto intercontinental<\/h2>\n<p>[\/vc_column_text][vc_separator type=\u00bbnormal\u00bb][vc_column_text]Antes de la pandemia \u00e9ramos el 7\u00ba aeropuerto de Europa y el 1\u00ba en vuelos low cost. Nunca seremos un HUB al no tener una aerol\u00ednea bandera como se ha demostrado en estos \u00faltimos diez a\u00f1os, con la \u00faltima ampliaci\u00f3n de la nueva terminal.<\/p>\n<p>Adem\u00e1s, hay que tener una pol\u00edtica inteligente de asignaci\u00f3n de los SLOTS aeroportuarios para los vuelos intercontinentales futuros.[\/vc_column_text][\/qode_elements_holder_item][\/qode_elements_holder][\/vc_column][\/vc_row][vc_row css_animation=\u00bbelement_from_bottom\u00bb row_type=\u00bbrow\u00bb use_row_as_full_screen_section=\u00bbno\u00bb type=\u00bbfull_width\u00bb angled_section=\u00bbyes\u00bb angled_section_position=\u00bbboth\u00bb angled_section_direction=\u00bbfrom_right_to_left\u00bb text_align=\u00bbleft\u00bb background_image_as_pattern=\u00bbwithout_pattern\u00bb z_index=\u00bb\u00bb background_color=\u00bb#f1faf5&#8243; el_class=\u00bbverde_1 padines4&#8243;][vc_column][qode_elements_holder number_of_columns=\u00bbthree_columns\u00bb][qode_elements_holder_item vertical_alignment=\u00bbmiddle\u00bb horizontal_alignment=\u00bbleft\u00bb advanced_animations=\u00bbno\u00bb custom_class=\u00bbfototxt_izq\u00bb][vc_separator type=\u00bbnormal\u00bb][\/qode_elements_holder_item][qode_elements_holder_item vertical_alignment=\u00bbmiddle\u00bb horizontal_alignment=\u00bbcenter\u00bb advanced_animations=\u00bbno\u00bb custom_class=\u00bbtitulo_central_peque\u00f1o_full\u00bb][vc_column_text]<\/p>\n<h4 style=\"text-align: center;\">La realidad antes de la pandemia era que de 212 destinos 45 eran intercontinentales. Debemos estar conectamos con los mejores HUBS del mundo.<\/h4>\n<p>[\/vc_column_text][\/qode_elements_holder_item][qode_elements_holder_item vertical_alignment=\u00bbmiddle\u00bb horizontal_alignment=\u00bbright\u00bb advanced_animations=\u00bbno\u00bb custom_class=\u00bbfototxt_der\u00bb][vc_separator type=\u00bbnormal\u00bb][\/qode_elements_holder_item][\/qode_elements_holder][\/vc_column][\/vc_row][vc_row css_animation=\u00bbelement_from_bottom\u00bb row_type=\u00bbrow\u00bb use_row_as_full_screen_section=\u00bbno\u00bb type=\u00bbgrid\u00bb angled_section=\u00bbno\u00bb text_align=\u00bbleft\u00bb background_image_as_pattern=\u00bbwithout_pattern\u00bb el_class=\u00bbverde_1 padines\u00bb z_index=\u00bb\u00bb][vc_column][qode_elements_holder number_of_columns=\u00bbone_column\u00bb][qode_elements_holder_item vertical_alignment=\u00bbmiddle\u00bb horizontal_alignment=\u00bbleft\u00bb advanced_animations=\u00bbno\u00bb custom_class=\u00bbtitulo_central_peque\u00f1o\u00bb][vc_column_text]<\/p>\n<h3>NO A ERR\u00d3NEAS MODIFICACIONES INNECESARIAS<\/h3>\n<p>[\/vc_column_text][vc_column_text]<\/p>\n<h2>S\u00ed a una mejor gesti\u00f3n aeroportuaria<\/h2>\n<p>[\/vc_column_text][vc_separator type=\u00bbnormal\u00bb][vc_column_text]Nunca se han superado las operaciones que hubo en 2007 por lo que estamos muy lejos del l\u00edmite de saturaci\u00f3n y, manteniendo la configuraci\u00f3n actual de pistas segregadas, se podr\u00eda incrementar un 24% el n\u00famero de operaciones.<\/p>\n<p>Aplicar el procedimiento de control de tr\u00e1fico a\u00e9reo m\u00e1s avanzado como en Londres-Heathrow, permitir\u00eda aumentar la capacidad de pasajeros con la configuraci\u00f3n actual y las pistas segregadas, pudiendo alcanzar el m\u00e1ximo de 90 operaciones hora.[\/vc_column_text][\/qode_elements_holder_item][\/qode_elements_holder][\/vc_column][\/vc_row][vc_row css_animation=\u00bbelement_from_bottom\u00bb row_type=\u00bbrow\u00bb use_row_as_full_screen_section=\u00bbno\u00bb type=\u00bbgrid\u00bb angled_section=\u00bbno\u00bb text_align=\u00bbleft\u00bb background_image_as_pattern=\u00bbwithout_pattern\u00bb el_class=\u00bbverde_1 padines\u00bb z_index=\u00bb\u00bb][vc_column][qode_elements_holder number_of_columns=\u00bbtwo_columns\u00bb][qode_elements_holder_item advanced_animations=\u00bbno\u00bb][vc_single_image image=\u00bb213&#8243; img_size=\u00bbfull\u00bb alignment=\u00bbright\u00bb qode_css_animation=\u00bb\u00bb][\/qode_elements_holder_item][qode_elements_holder_item advanced_animations=\u00bbno\u00bb custom_class=\u00bbfototxt_izq contador\u00bb][vc_column_text]<\/p>\n<h3>2019<\/h3>\n<p>[\/vc_column_text][vc_column_text]<\/p>\n<h2>0.68<\/h2>\n<p>[\/vc_column_text]<div class='q_progress_bar'><h5 class='progress_title_holder clearfix' style='color: #7dd2a7;'><span class='progress_title'><span>2019<\/span><\/span><span class='progress_number' style='font-size: 70px;font-weight: 700;'><span>0<\/span>%<\/span><\/h5><div class='progress_content_outer' style='height: 18px;'><div data-percentage='4' class='progress_content' style='height: 18px;background-color: #7dd2a7;'><\/div><\/div><\/div>[vc_column_text]De 344.563 operaciones solo 2.344 tuvieron que utilizar la pista larga, es decir el 0,68%)[\/vc_column_text][\/qode_elements_holder_item][\/qode_elements_holder][\/vc_column][\/vc_row][vc_row css_animation=\u00bbelement_from_bottom\u00bb row_type=\u00bbrow\u00bb use_row_as_full_screen_section=\u00bbno\u00bb type=\u00bbgrid\u00bb angled_section=\u00bbno\u00bb text_align=\u00bbleft\u00bb background_image_as_pattern=\u00bbwithout_pattern\u00bb z_index=\u00bb\u00bb el_class=\u00bbtitulo_central padines\u00bb][vc_column][qode_elements_holder number_of_columns=\u00bbone_column\u00bb][qode_elements_holder_item vertical_alignment=\u00bbmiddle\u00bb horizontal_alignment=\u00bbcenter\u00bb advanced_animations=\u00bbno\u00bb][vc_column_text]<\/p>\n<h1 style=\"text-align: center;\">Nuestro dec\u00e1logo<\/h1>\n<p>[\/vc_column_text][vc_separator type=\u00bbnormal\u00bb][\/qode_elements_holder_item][\/qode_elements_holder][\/vc_column][\/vc_row][vc_row css_animation=\u00bbelement_from_bottom\u00bb row_type=\u00bbrow\u00bb use_row_as_full_screen_section=\u00bbno\u00bb type=\u00bbgrid\u00bb angled_section=\u00bbno\u00bb text_align=\u00bbleft\u00bb background_image_as_pattern=\u00bbwithout_pattern\u00bb z_index=\u00bb\u00bb el_class=\u00bbimg_cabecera verde_1 nuestro_prologo padines\u00bb][vc_column][vc_single_image image=\u00bb253&#8243; img_size=\u00bbfull\u00bb alignment=\u00bbcenter\u00bb onclick=\u00bbcustom_link\u00bb qode_css_animation=\u00bb\u00bb link=\u00bbhttps:\/\/unaeropuertomejor.com\/?page_id=96&#8243;][qode_elements_holder number_of_columns=\u00bbone_column\u00bb custom_class=\u00bbdeca_1&#8243;][qode_elements_holder_item advanced_animations=\u00bbno\u00bb][vc_column_text]<\/p>\n<h5 style=\"text-align: left;\"><a href=\"https:\/\/unaeropuertomejor.com\/?page_id=96\">2.La salud es lo primero<\/a><\/h5>\n<p>[\/vc_column_text][vc_separator type=\u00bbnormal\u00bb][\/qode_elements_holder_item][\/qode_elements_holder][\/vc_column][\/vc_row]<\/p>\n","protected":false},"excerpt":{"rendered":"<p>[vc_row css_animation=\u00bbelement_from_bottom\u00bb row_type=\u00bbrow\u00bb use_row_as_full_screen_section=\u00bbno\u00bb type=\u00bbgrid\u00bb angled_section=\u00bbno\u00bb text_align=\u00bbleft\u00bb background_image_as_pattern=\u00bbwithout_pattern\u00bb z_index=\u00bb\u00bb el_class=\u00bbtitulo_decalogo verde_1&#8243;][vc_column][qode_elements_holder number_of_columns=\u00bbone_column\u00bb][qode_elements_holder_item vertical_alignment=\u00bbmiddle\u00bb horizontal_alignment=\u00bbcenter\u00bb advanced_animations=\u00bbno\u00bb][vc_column_text] 1.No hay que crecer m\u00e1s, hay que crecer mejor [\/vc_column_text][vc_separator type=\u00bbnormal\u00bb][\/qode_elements_holder_item][\/qode_elements_holder][\/vc_column][\/vc_row][vc_row css_animation=\u00bb\u00bb row_type=\u00bbrow\u00bb use_row_as_full_screen_section=\u00bbno\u00bb type=\u00bbgrid\u00bb angled_section=\u00bbno\u00bb text_align=\u00bbleft\u00bb background_image_as_pattern=\u00bbwithout_pattern\u00bb z_index=\u00bb\u00bb el_class=\u00bbcuadro_titulo\u00bb][vc_column][vc_single_image image=\u00bb60&#8243; img_size=\u00bbfull\u00bb alignment=\u00bbcenter\u00bb qode_css_animation=\u00bb\u00bb][\/vc_column][\/vc_row][vc_row css_animation=\u00bbelement_from_bottom\u00bb row_type=\u00bbrow\u00bb use_row_as_full_screen_section=\u00bbno\u00bb type=\u00bbgrid\u00bb angled_section=\u00bbno\u00bb text_align=\u00bbleft\u00bb&#8230;<\/p>\n","protected":false},"author":1,"featured_media":0,"parent":0,"menu_order":0,"comment_status":"closed","ping_status":"closed","template":"full_width.php","meta":{"footnotes":""},"class_list":["post-59","page","type-page","status-publish","hentry"],"_links":{"self":[{"href":"https:\/\/unaeropuertomejor.com\/index.php?rest_route=\/wp\/v2\/pages\/59","targetHints":{"allow":["GET"]}}],"collection":[{"href":"https:\/\/unaeropuertomejor.com\/index.php?rest_route=\/wp\/v2\/pages"}],"about":[{"href":"https:\/\/unaeropuertomejor.com\/index.php?rest_route=\/wp\/v2\/types\/page"}],"author":[{"embeddable":true,"href":"https:\/\/unaeropuertomejor.com\/index.php?rest_route=\/wp\/v2\/users\/1"}],"replies":[{"embeddable":true,"href":"https:\/\/unaeropuertomejor.com\/index.php?rest_route=%2Fwp%2Fv2%2Fcomments&post=59"}],"version-history":[{"count":54,"href":"https:\/\/unaeropuertomejor.com\/index.php?rest_route=\/wp\/v2\/pages\/59\/revisions"}],"predecessor-version":[{"id":330,"href":"https:\/\/unaeropuertomejor.com\/index.php?rest_route=\/wp\/v2\/pages\/59\/revisions\/330"}],"wp:attachment":[{"href":"https:\/\/unaeropuertomejor.com\/index.php?rest_route=%2Fwp%2Fv2%2Fmedia&parent=59"}],"curies":[{"name":"wp","href":"https:\/\/api.w.org\/{rel}","templated":true}]}}