{"id":96,"date":"2022-05-18T14:53:52","date_gmt":"2022-05-18T14:53:52","guid":{"rendered":"https:\/\/unaeropuertomejor.com\/?page_id=96"},"modified":"2022-06-14T07:37:48","modified_gmt":"2022-06-14T07:37:48","slug":"2-salud","status":"publish","type":"page","link":"https:\/\/unaeropuertomejor.com\/?page_id=96","title":{"rendered":"2.SALUD"},"content":{"rendered":"<p>[vc_row css_animation=\u00bbelement_from_bottom\u00bb row_type=\u00bbrow\u00bb use_row_as_full_screen_section=\u00bbno\u00bb type=\u00bbgrid\u00bb angled_section=\u00bbno\u00bb text_align=\u00bbleft\u00bb background_image_as_pattern=\u00bbwithout_pattern\u00bb z_index=\u00bb\u00bb el_class=\u00bbtitulo_decalogo azul_22&#8243;][vc_column][qode_elements_holder number_of_columns=\u00bbone_column\u00bb][qode_elements_holder_item vertical_alignment=\u00bbmiddle\u00bb horizontal_alignment=\u00bbcenter\u00bb advanced_animations=\u00bbno\u00bb][vc_column_text]<\/p>\n<h1 style=\"text-align: left;\">2.La salud es lo primero<\/h1>\n<p>[\/vc_column_text][vc_separator type=\u00bbnormal\u00bb][\/qode_elements_holder_item][\/qode_elements_holder][\/vc_column][\/vc_row][vc_row css_animation=\u00bb\u00bb row_type=\u00bbrow\u00bb use_row_as_full_screen_section=\u00bbno\u00bb type=\u00bbgrid\u00bb angled_section=\u00bbno\u00bb text_align=\u00bbleft\u00bb background_image_as_pattern=\u00bbwithout_pattern\u00bb z_index=\u00bb\u00bb el_class=\u00bbcuadro_titulo\u00bb][vc_column][vc_single_image image=\u00bb60&#8243; img_size=\u00bbfull\u00bb alignment=\u00bbcenter\u00bb qode_css_animation=\u00bb\u00bb][\/vc_column][\/vc_row][vc_row css_animation=\u00bbelement_from_bottom\u00bb row_type=\u00bbrow\u00bb use_row_as_full_screen_section=\u00bbno\u00bb type=\u00bbgrid\u00bb angled_section=\u00bbno\u00bb text_align=\u00bbleft\u00bb background_image_as_pattern=\u00bbwithout_pattern\u00bb z_index=\u00bb\u00bb el_class=\u00bbimg_cabecera padines\u00bb][vc_column][vc_single_image image=\u00bb248&#8243; img_size=\u00bbfull\u00bb alignment=\u00bbright\u00bb qode_css_animation=\u00bb\u00bb][\/vc_column][\/vc_row][vc_row css_animation=\u00bbelement_from_bottom\u00bb row_type=\u00bbrow\u00bb use_row_as_full_screen_section=\u00bbno\u00bb type=\u00bbgrid\u00bb angled_section=\u00bbno\u00bb text_align=\u00bbleft\u00bb background_image_as_pattern=\u00bbwithout_pattern\u00bb el_class=\u00bbazul_2 padines\u00bb z_index=\u00bb\u00bb][vc_column][qode_elements_holder number_of_columns=\u00bbone_column\u00bb][qode_elements_holder_item vertical_alignment=\u00bbmiddle\u00bb horizontal_alignment=\u00bbleft\u00bb advanced_animations=\u00bbno\u00bb custom_class=\u00bbtitulo_central_peque\u00f1o\u00bb][vc_column_text]<\/p>\n<h3>NO A M\u00c1S CONTAMINACI\u00d3N QU\u00cdMICA Y AC\u00daSTICA<\/h3>\n<p>[\/vc_column_text][vc_column_text]<\/p>\n<h2>S\u00ed a la salud de miles de familias del Baix Llobregat<\/h2>\n<p>[\/vc_column_text][vc_separator type=\u00bbnormal\u00bb][\/qode_elements_holder_item][\/qode_elements_holder][\/vc_column][\/vc_row][vc_row css_animation=\u00bbelement_from_bottom\u00bb row_type=\u00bbrow\u00bb use_row_as_full_screen_section=\u00bbno\u00bb type=\u00bbgrid\u00bb angled_section=\u00bbno\u00bb text_align=\u00bbleft\u00bb background_image_as_pattern=\u00bbwithout_pattern\u00bb el_class=\u00bbazul_2 padines\u00bb z_index=\u00bb\u00bb][vc_column][qode_elements_holder number_of_columns=\u00bbtwo_columns\u00bb][qode_elements_holder_item advanced_animations=\u00bbno\u00bb custom_class=\u00bbfototxt2_izq cont_hab\u00bb][vc_column_text]El coste sanitario por la contaminaci\u00f3n del aire del \u00e1rea de Barcelona es el mayor de Espa\u00f1a[\/vc_column_text][vc_column_text]<\/p>\n<h2>1.250\u20ac<\/h2>\n<p>[\/vc_column_text][vc_column_text]<\/p>\n<h3>por habitante<\/h3>\n<p>[\/vc_column_text][\/qode_elements_holder_item][qode_elements_holder_item advanced_animations=\u00bbno\u00bb][vc_single_image image=\u00bb212&#8243; img_size=\u00bbfull\u00bb alignment=\u00bbright\u00bb qode_css_animation=\u00bb\u00bb][\/qode_elements_holder_item][\/qode_elements_holder][\/vc_column][\/vc_row][vc_row css_animation=\u00bbelement_from_bottom\u00bb row_type=\u00bbrow\u00bb use_row_as_full_screen_section=\u00bbno\u00bb type=\u00bbfull_width\u00bb angled_section=\u00bbyes\u00bb angled_section_position=\u00bbboth\u00bb angled_section_direction=\u00bbfrom_right_to_left\u00bb text_align=\u00bbleft\u00bb background_image_as_pattern=\u00bbwithout_pattern\u00bb z_index=\u00bb\u00bb background_color=\u00bb#28556a\u00bb el_class=\u00bbazul_2 destacado padines3&#8243; css=\u00bb.vc_custom_1655192243998{background-color: #28556a !important;}\u00bb][vc_column][qode_elements_holder number_of_columns=\u00bbthree_columns\u00bb three_columns_proportion=\u00bb50_25_25&#8243;][qode_elements_holder_item vertical_alignment=\u00bbmiddle\u00bb horizontal_alignment=\u00bbleft\u00bb advanced_animations=\u00bbno\u00bb custom_class=\u00bbdestacado_col1&#8243;][vc_column_text]<\/p>\n<h3 style=\"text-align: right;\">Barcelona es la sexta ciudad europea con m\u00e1s mortalidad por di\u00f3xido de nitr\u00f3geno N02 que emiten los aviones.<\/h3>\n<p>[\/vc_column_text][\/qode_elements_holder_item][qode_elements_holder_item vertical_alignment=\u00bbmiddle\u00bb horizontal_alignment=\u00bbleft\u00bb advanced_animations=\u00bbno\u00bb custom_class=\u00bbdestacado_col2&#8243;][vc_column_text]1 Madrid<\/p>\n<p>2 Amberes<\/p>\n<p>3 Tur\u00edn<\/p>\n<p>4 Par\u00eds<\/p>\n<p>5 Mil\u00e1n[\/vc_column_text][\/qode_elements_holder_item][qode_elements_holder_item vertical_alignment=\u00bbmiddle\u00bb horizontal_alignment=\u00bbleft\u00bb advanced_animations=\u00bbno\u00bb custom_class=\u00bbdestacado_col3&#8243;][vc_column_text]<span style=\"color: #61d3d9;\">6 Barcelona<\/span><\/p>\n<p><span style=\"color: #61d3d9;\">7 Mollet del Vall\u00e8s<\/span><\/p>\n<p>8 Bruselas<\/p>\n<p>9 Herne<\/p>\n<p>10 Argenteuil &#8211; Bezons[\/vc_column_text][\/qode_elements_holder_item][\/qode_elements_holder][\/vc_column][\/vc_row][vc_row css_animation=\u00bbelement_from_bottom\u00bb row_type=\u00bbrow\u00bb use_row_as_full_screen_section=\u00bbno\u00bb type=\u00bbgrid\u00bb angled_section=\u00bbyes\u00bb angled_section_position=\u00bbbottom\u00bb angled_section_direction=\u00bbfrom_right_to_left\u00bb text_align=\u00bbleft\u00bb background_image_as_pattern=\u00bbwithout_pattern\u00bb z_index=\u00bb\u00bb background_color=\u00bb#f1faf5&#8243; el_class=\u00bbazul_2&#8243;][vc_column][vc_empty_space height=\u00bb100px\u00bb][qode_elements_holder number_of_columns=\u00bbone_column\u00bb][qode_elements_holder_item vertical_alignment=\u00bbmiddle\u00bb horizontal_alignment=\u00bbleft\u00bb advanced_animations=\u00bbno\u00bb custom_class=\u00bbtitulo_central_peque\u00f1o\u00bb][vc_column_text]Es necesario cumplir y mejorar el D.I.A. (Declaraci\u00f3n de Impacto Medioambiental), as\u00ed como acatar el acuerdo y la sentencia judicial con los niveles ac\u00fasticos que superan la normativa legal.<\/p>\n<p>Miles de estudios de la OMS demuestran las grav\u00edsimas consecuencias de la contaminaci\u00f3n atmosf\u00e9rica y ac\u00fastica en la vida de las personas.<\/p>\n<p>El avi\u00f3n es el medio de desplazamiento m\u00e1s contaminante, especialmente cuando aterriza y despega, y sus efectos negativos se concentran en un radio de 18 km desde las pistas, es decir, no solo es el Baix Llobregat la zona m\u00e1s afectada, Barcelona ciudad tambi\u00e9n.[\/vc_column_text][\/qode_elements_holder_item][\/qode_elements_holder][\/vc_column][\/vc_row][vc_row css_animation=\u00bbelement_from_fade\u00bb row_type=\u00bbrow\u00bb use_row_as_full_screen_section=\u00bbno\u00bb type=\u00bbfull_width\u00bb angled_section=\u00bbno\u00bb text_align=\u00bbleft\u00bb background_image_as_pattern=\u00bbwithout_pattern\u00bb z_index=\u00bb\u00bb el_class=\u00bbtitulo_central\u00bb][vc_column][vc_single_image image=\u00bb315&#8243; img_size=\u00bbfull\u00bb qode_css_animation=\u00bb\u00bb][\/vc_column][\/vc_row][vc_row css_animation=\u00bbelement_from_bottom\u00bb row_type=\u00bbrow\u00bb use_row_as_full_screen_section=\u00bbno\u00bb type=\u00bbgrid\u00bb angled_section=\u00bbno\u00bb text_align=\u00bbleft\u00bb background_image_as_pattern=\u00bbwithout_pattern\u00bb z_index=\u00bb\u00bb el_class=\u00bbtitulo_central padines\u00bb][vc_column][qode_elements_holder number_of_columns=\u00bbone_column\u00bb][qode_elements_holder_item vertical_alignment=\u00bbmiddle\u00bb horizontal_alignment=\u00bbcenter\u00bb advanced_animations=\u00bbno\u00bb][vc_column_text]<\/p>\n<h1 style=\"text-align: center;\">Nuestro dec\u00e1logo<\/h1>\n<p>[\/vc_column_text][vc_separator type=\u00bbnormal\u00bb][\/qode_elements_holder_item][\/qode_elements_holder][\/vc_column][\/vc_row][vc_row css_animation=\u00bbelement_from_bottom\u00bb row_type=\u00bbrow\u00bb use_row_as_full_screen_section=\u00bbno\u00bb type=\u00bbgrid\u00bb angled_section=\u00bbno\u00bb text_align=\u00bbleft\u00bb background_image_as_pattern=\u00bbwithout_pattern\u00bb z_index=\u00bb\u00bb el_class=\u00bbimg_cabecera verde_1 nuestro_prologo padines\u00bb][vc_column][qode_elements_holder number_of_columns=\u00bbtwo_columns\u00bb][qode_elements_holder_item vertical_alignment=\u00bbtop\u00bb horizontal_alignment=\u00bbcenter\u00bb advanced_animations=\u00bbno\u00bb][vc_single_image image=\u00bb252&#8243; img_size=\u00bbfull\u00bb alignment=\u00bbcenter\u00bb onclick=\u00bbcustom_link\u00bb qode_css_animation=\u00bb\u00bb link=\u00bbhttps:\/\/unaeropuertomejor.com\/?page_id=59&#8243;][vc_column_text]<\/p>\n<h5 style=\"text-align: left;\"><a href=\"https:\/\/unaeropuertomejor.com\/?page_id=59\">1.No hay que crecer m\u00e1s, hay que crecer mejor<\/a><\/h5>\n<p>[\/vc_column_text][vc_separator type=\u00bbnormal\u00bb][\/qode_elements_holder_item][qode_elements_holder_item vertical_alignment=\u00bbtop\u00bb horizontal_alignment=\u00bbcenter\u00bb advanced_animations=\u00bbno\u00bb][vc_single_image image=\u00bb235&#8243; img_size=\u00bbfull\u00bb alignment=\u00bbcenter\u00bb onclick=\u00bbcustom_link\u00bb qode_css_animation=\u00bb\u00bb link=\u00bbhttps:\/\/unaeropuertomejor.com\/?page_id=124&#8243;][vc_column_text]<\/p>\n<h5 style=\"text-align: left;\"><a href=\"https:\/\/unaeropuertomejor.com\/?page_id=124\">3.Debemos utilizar nuestra red aeroportuaria con sentido com\u00fan<\/a><\/h5>\n<p>[\/vc_column_text][vc_separator type=\u00bbnormal\u00bb][\/qode_elements_holder_item][\/qode_elements_holder][\/vc_column][\/vc_row]<\/p>\n","protected":false},"excerpt":{"rendered":"<p>[vc_row css_animation=\u00bbelement_from_bottom\u00bb row_type=\u00bbrow\u00bb use_row_as_full_screen_section=\u00bbno\u00bb type=\u00bbgrid\u00bb angled_section=\u00bbno\u00bb text_align=\u00bbleft\u00bb background_image_as_pattern=\u00bbwithout_pattern\u00bb z_index=\u00bb\u00bb el_class=\u00bbtitulo_decalogo azul_22&#8243;][vc_column][qode_elements_holder number_of_columns=\u00bbone_column\u00bb][qode_elements_holder_item vertical_alignment=\u00bbmiddle\u00bb horizontal_alignment=\u00bbcenter\u00bb advanced_animations=\u00bbno\u00bb][vc_column_text] 2.La salud es lo primero [\/vc_column_text][vc_separator type=\u00bbnormal\u00bb][\/qode_elements_holder_item][\/qode_elements_holder][\/vc_column][\/vc_row][vc_row css_animation=\u00bb\u00bb row_type=\u00bbrow\u00bb use_row_as_full_screen_section=\u00bbno\u00bb type=\u00bbgrid\u00bb angled_section=\u00bbno\u00bb text_align=\u00bbleft\u00bb background_image_as_pattern=\u00bbwithout_pattern\u00bb z_index=\u00bb\u00bb el_class=\u00bbcuadro_titulo\u00bb][vc_column][vc_single_image image=\u00bb60&#8243; img_size=\u00bbfull\u00bb alignment=\u00bbcenter\u00bb qode_css_animation=\u00bb\u00bb][\/vc_column][\/vc_row][vc_row css_animation=\u00bbelement_from_bottom\u00bb row_type=\u00bbrow\u00bb use_row_as_full_screen_section=\u00bbno\u00bb type=\u00bbgrid\u00bb angled_section=\u00bbno\u00bb text_align=\u00bbleft\u00bb background_image_as_pattern=\u00bbwithout_pattern\u00bb z_index=\u00bb\u00bb el_class=\u00bbimg_cabecera padines\u00bb][vc_column][vc_single_image&#8230;<\/p>\n","protected":false},"author":1,"featured_media":0,"parent":0,"menu_order":0,"comment_status":"closed","ping_status":"closed","template":"full_width.php","meta":{"footnotes":""},"class_list":["post-96","page","type-page","status-publish","hentry"],"_links":{"self":[{"href":"https:\/\/unaeropuertomejor.com\/index.php?rest_route=\/wp\/v2\/pages\/96","targetHints":{"allow":["GET"]}}],"collection":[{"href":"https:\/\/unaeropuertomejor.com\/index.php?rest_route=\/wp\/v2\/pages"}],"about":[{"href":"https:\/\/unaeropuertomejor.com\/index.php?rest_route=\/wp\/v2\/types\/page"}],"author":[{"embeddable":true,"href":"https:\/\/unaeropuertomejor.com\/index.php?rest_route=\/wp\/v2\/users\/1"}],"replies":[{"embeddable":true,"href":"https:\/\/unaeropuertomejor.com\/index.php?rest_route=%2Fwp%2Fv2%2Fcomments&post=96"}],"version-history":[{"count":51,"href":"https:\/\/unaeropuertomejor.com\/index.php?rest_route=\/wp\/v2\/pages\/96\/revisions"}],"predecessor-version":[{"id":320,"href":"https:\/\/unaeropuertomejor.com\/index.php?rest_route=\/wp\/v2\/pages\/96\/revisions\/320"}],"wp:attachment":[{"href":"https:\/\/unaeropuertomejor.com\/index.php?rest_route=%2Fwp%2Fv2%2Fmedia&parent=96"}],"curies":[{"name":"wp","href":"https:\/\/api.w.org\/{rel}","templated":true}]}}